{"id":8590,"date":"2018-11-07T10:43:46","date_gmt":"2018-11-07T08:43:46","guid":{"rendered":"https:\/\/www.escowa.se\/produkter\/"},"modified":"2025-09-15T13:51:26","modified_gmt":"2025-09-15T12:51:26","slug":"products","status":"publish","type":"page","link":"https:\/\/www.escowa.se\/en\/products\/","title":{"rendered":"Products"},"content":{"rendered":"<section class=\"l-section wpb_row height_small\"><div class=\"l-section-h i-cf\"><div class=\"g-cols vc_row via_flex valign_top type_default stacking_default\"><div class=\"vc_col-sm-12 wpb_column vc_column_container\"><div class=\"vc_column-inner\"><div class=\"wpb_wrapper\"><div class=\"w-image align_center\"><div class=\"w-image-h\"><img decoding=\"async\" width=\"1150\" height=\"640\" src=\"https:\/\/www.escowa.se\/wp-content\/uploads\/2023\/10\/banner-triton-corporate-office.jpg\" class=\"attachment-full size-full\" alt=\"Triton i kontorsmilj\u00f6\" loading=\"lazy\" srcset=\"https:\/\/www.escowa.se\/wp-content\/uploads\/2023\/10\/banner-triton-corporate-office.jpg 1150w, https:\/\/www.escowa.se\/wp-content\/uploads\/2023\/10\/banner-triton-corporate-office-300x167.jpg 300w, https:\/\/www.escowa.se\/wp-content\/uploads\/2023\/10\/banner-triton-corporate-office-1024x570.jpg 1024w, https:\/\/www.escowa.se\/wp-content\/uploads\/2023\/10\/banner-triton-corporate-office-600x334.jpg 600w, https:\/\/www.escowa.se\/wp-content\/uploads\/2023\/10\/banner-triton-corporate-office-768x427.jpg 768w, https:\/\/www.escowa.se\/wp-content\/uploads\/2023\/10\/banner-triton-corporate-office-377x210.jpg 377w, https:\/\/www.escowa.se\/wp-content\/uploads\/2023\/10\/banner-triton-corporate-office-200x111.jpg 200w\" sizes=\"auto, (max-width: 1150px) 100vw, 1150px\" \/><\/div><\/div><\/div><\/div><\/div><\/div><\/div><\/section><section class=\"l-section wpb_row height_small\"><div class=\"l-section-h i-cf\"><div class=\"g-cols vc_row via_flex valign_top type_default stacking_default\"><div class=\"vc_col-sm-12 wpb_column vc_column_container\"><div class=\"vc_column-inner\"><div class=\"wpb_wrapper\"><div class=\"wpb_text_column\"><div class=\"wpb_wrapper\"><h2>Our Products<\/h2>\n<p data-start=\"43\" data-end=\"351\">Escowa&#8217;s comprehensive range covers everything from dispensing towers and cooling units for built-in installations to freestanding water dispensers made of steel and wood laminate. We also offer machines for built-in cabinets and water dispensers with special functions, certified for sensitive environments.<\/p>\n<p data-start=\"353\" data-end=\"649\">Perhaps you&#8217;d like to learn more about our dispensing towers and countertop cabinets? We also have a wide range of accessories to make life easier for installers and users. Use the menu to click into the product group that best suits you, or contact us and we&#8217;ll help you find the right solution.<\/p>\n<h3>Our business idea is simple<\/h3>\n<p>We supply Europe with water machines that connect to the municipal water supply. The water is purified with filters, cooled, and then served still or sparkling. Good for the economy, good for the environment.<\/p>\n<\/div><\/div><\/div><\/div><\/div><\/div><\/div><\/section><section class=\"l-section wpb_row us_custom_19737bc8 hide_on_tablets hide_on_mobiles height_small\"><div class=\"l-section-h i-cf\"><div class=\"g-cols vc_row via_flex valign_top type_default stacking_default\" style=\"--additional-gap:1vw;\"><div class=\"vc_col-sm-6 wpb_column vc_column_container has_bg_color\"><div class=\"vc_column-inner us_custom_87b2b8b7\"><div class=\"vc_column-overlay\" style=\"background:var(--color-header-top-transparent-bg)\"><\/div><div class=\"wpb_wrapper\"><h2 class=\"w-text us_custom_e2621fdf has_text_color\"><a href=\" https:\/\/www.escowa.se\/en\/products\/water_dispensers\/\" class=\"w-text-h\"><span class=\"w-text-value\">Water dispensers<\/span><\/a><\/h2><\/div><\/div><\/div><div class=\"vc_col-sm-6 wpb_column vc_column_container has_bg_color\"><div class=\"vc_column-inner us_custom_a786fed5\"><div class=\"vc_column-overlay\" style=\"background:var(--color-header-top-transparent-bg)\"><\/div><div class=\"wpb_wrapper\"><h2 class=\"w-text us_custom_e2621fdf has_text_color\"><a href=\" https:\/\/www.escowa.se\/en\/products\/built-in-coolers\/\" class=\"w-text-h\"><span class=\"w-text-value\">Built-in coolers<\/span><\/a><\/h2><\/div><\/div><\/div><\/div><\/div><\/section><section class=\"l-section wpb_row hide_on_tablets hide_on_mobiles height_small\"><div class=\"l-section-h i-cf\"><div class=\"g-cols vc_row via_flex valign_top type_default stacking_default\" style=\"--additional-gap:1vw;\"><div class=\"vc_col-sm-6 wpb_column vc_column_container\"><div class=\"vc_column-inner\"><div class=\"wpb_wrapper\"><div class=\"wpb_text_column\"><div class=\"wpb_wrapper\"><p>As the largest supplier of water dispensers in the Nordic region, we offer a wide range that suits various types of businesses.<\/p>\n<\/div><\/div><\/div><\/div><\/div><div class=\"vc_col-sm-6 wpb_column vc_column_container\"><div class=\"vc_column-inner\"><div class=\"wpb_wrapper\"><div class=\"wpb_text_column\"><div class=\"wpb_wrapper\"><p>A built-in solution is perfect when there is space in a lower cabinet, for example, in a kitchen. The water cooler is installed hidden inside the cabinet and connected to any dispensing tower.<\/p>\n<\/div><\/div><\/div><\/div><\/div><\/div><\/div><\/section><section class=\"l-section wpb_row us_custom_19737bc8 hide_on_tablets hide_on_mobiles height_small\"><div class=\"l-section-h i-cf\"><div class=\"g-cols vc_row via_flex valign_top type_default stacking_default\" style=\"--additional-gap:1vw;\"><div class=\"vc_col-sm-6 wpb_column vc_column_container has_bg_color\"><div class=\"vc_column-inner us_custom_57110eca\"><div class=\"vc_column-overlay\" style=\"background:var(--color-header-top-transparent-bg)\"><\/div><div class=\"wpb_wrapper\"><h2 class=\"w-text us_custom_e2621fdf has_text_color\"><a href=\"https:\/\/www.escowa.se\/en\/products\/faucet_columns_and_towers\" class=\"w-text-h\"><span class=\"w-text-value\">Faucet columns &amp; towers<\/span><\/a><\/h2><\/div><\/div><\/div><div class=\"vc_col-sm-6 wpb_column vc_column_container has_bg_color\"><div class=\"vc_column-inner us_custom_b79cdde4\"><div class=\"vc_column-overlay\" style=\"background:var(--color-header-top-transparent-bg)\"><\/div><div class=\"wpb_wrapper\"><h2 class=\"w-text us_custom_e2621fdf has_text_color\"><a href=\"https:\/\/www.escowa.se\/en\/products\/base_cabinets\" class=\"w-text-h\"><span class=\"w-text-value\">Furniture and base cabinets<\/span><\/a><\/h2><\/div><\/div><\/div><\/div><\/div><\/section><section class=\"l-section wpb_row hide_on_tablets hide_on_mobiles height_small\"><div class=\"l-section-h i-cf\"><div class=\"g-cols vc_row via_flex valign_top type_default stacking_default\" style=\"--additional-gap:1vw;\"><div class=\"vc_col-sm-6 wpb_column vc_column_container\"><div class=\"vc_column-inner\"><div class=\"wpb_wrapper\"><div class=\"wpb_text_column\"><div class=\"wpb_wrapper\"><p>We have a variety of models of dispensing towers and faucets, allowing you to find a suitable model for your kitchen, restaurant, etc.<\/p>\n<\/div><\/div><\/div><\/div><\/div><div class=\"vc_col-sm-6 wpb_column vc_column_container\"><div class=\"vc_column-inner\"><div class=\"wpb_wrapper\"><div class=\"wpb_text_column\"><div class=\"wpb_wrapper\"><p>In our carpentry shop in Laholm, we manufacture our own furniture and base cabinets for our faucets, water dispensers, and water coolers, mostly using recycled wood.<\/p>\n<\/div><\/div><\/div><\/div><\/div><\/div><\/div><\/section><section class=\"l-section wpb_row us_custom_19737bc8 hide_on_tablets hide_on_mobiles height_small\"><div class=\"l-section-h i-cf\"><div class=\"g-cols vc_row via_flex valign_top type_default stacking_default\" style=\"--additional-gap:1vw;\"><div class=\"vc_col-sm-6 wpb_column vc_column_container has_bg_color\"><div class=\"vc_column-inner us_custom_470b2dfb\"><div class=\"vc_column-overlay\" style=\"background:var(--color-header-top-transparent-bg)\"><\/div><div class=\"wpb_wrapper\"><h2 class=\"w-text us_custom_e2621fdf has_text_color\"><a href=\" https:\/\/www.escowa.se\/en\/products\/marine-and-maritime\/\" class=\"w-text-h\"><span class=\"w-text-value\">Marine and Maritime<\/span><\/a><\/h2><\/div><\/div><\/div><div class=\"vc_col-sm-6 wpb_column vc_column_container has_bg_color\"><div class=\"vc_column-inner us_custom_111827a0\"><div class=\"vc_column-overlay\" style=\"background:var(--color-header-top-transparent-bg)\"><\/div><div class=\"wpb_wrapper\"><h2 class=\"w-text us_custom_e2621fdf has_text_color\"><a href=\"\/en\/produkt\/aroma-flavorings\/\" class=\"w-text-h\"><span class=\"w-text-value\">Aroma flavoring<\/span><\/a><\/h2><\/div><\/div><\/div><\/div><\/div><\/section><section class=\"l-section wpb_row hide_on_tablets hide_on_mobiles height_small\"><div class=\"l-section-h i-cf\"><div class=\"g-cols vc_row via_flex valign_top type_default stacking_default\" style=\"--additional-gap:1vw;\"><div class=\"vc_col-sm-6 wpb_column vc_column_container\"><div class=\"vc_column-inner\"><div class=\"wpb_wrapper\"><div class=\"wpb_text_column\"><div class=\"wpb_wrapper\"><p>Products specially customized for the type of power supply used in many offshore and shipping environments.<\/p>\n<\/div><\/div><\/div><\/div><\/div><div class=\"vc_col-sm-6 wpb_column vc_column_container\"><div class=\"vc_column-inner\"><div class=\"wpb_wrapper\"><div class=\"wpb_text_column\"><div class=\"wpb_wrapper\"><p>Add flavor to your still or sparkling water with our flavor aromas! We offer six different, refreshing fruit and berry flavors.<\/p>\n<\/div><\/div><\/div><\/div><\/div><\/div><\/div><\/section><section class=\"l-section wpb_row us_custom_19737bc8 hide_on_tablets hide_on_mobiles height_small\"><div class=\"l-section-h i-cf\"><div class=\"g-cols vc_row via_flex valign_top type_default stacking_default\" style=\"--additional-gap:1vw;\"><div class=\"vc_col-sm-6 wpb_column vc_column_container has_bg_color\"><div class=\"vc_column-inner us_custom_f21f10df\"><div class=\"vc_column-overlay\" style=\"background:var(--color-header-top-transparent-bg)\"><\/div><div class=\"wpb_wrapper\"><h2 class=\"w-text us_custom_e2621fdf has_text_color\"><a href=\" https:\/\/www.escowa.se\/en\/products\/accessories\" class=\"w-text-h\"><span class=\"w-text-value\">Accessories<\/span><\/a><\/h2><\/div><\/div><\/div><div class=\"vc_col-sm-6 wpb_column vc_column_container\"><div class=\"vc_column-inner\"><div class=\"wpb_wrapper\"><\/div><\/div><\/div><\/div><\/div><\/section><section class=\"l-section wpb_row hide_on_tablets hide_on_mobiles height_small\"><div class=\"l-section-h i-cf\"><div class=\"g-cols vc_row via_flex valign_top type_default stacking_default\" style=\"--additional-gap:1vw;\"><div class=\"vc_col-sm-6 wpb_column vc_column_container\"><div class=\"vc_column-inner\"><div class=\"wpb_wrapper\"><div class=\"wpb_text_column\"><div class=\"wpb_wrapper\"><p>Here you will find accessories that can be useful, such as drip trays, leak stoppers, and mug dispensers.<\/p>\n<\/div><\/div><\/div><\/div><\/div><div class=\"vc_col-sm-6 wpb_column vc_column_container\"><div class=\"vc_column-inner\"><div class=\"wpb_wrapper\"><\/div><\/div><\/div><\/div><\/div><\/section><section class=\"l-section wpb_row us_custom_19737bc8 hide_on_default hide_on_laptops height_small\"><div class=\"l-section-h i-cf\"><div class=\"g-cols vc_row via_flex valign_top type_default stacking_default\" style=\"--additional-gap:1vw;\"><div class=\"vc_col-sm-12 wpb_column vc_column_container has_bg_color\"><div class=\"vc_column-inner us_custom_ebbf9d44\"><div class=\"vc_column-overlay\" style=\"background:var(--color-header-top-transparent-bg)\"><\/div><div class=\"wpb_wrapper\"><h2 class=\"w-text us_custom_e2621fdf has_text_color\"><a href=\"https:\/\/www.escowa.se\/produkter\/vattenmaskiner\/\" class=\"w-text-h\"><span class=\"w-text-value\">Vattenmaskiner<\/span><\/a><\/h2><\/div><\/div><\/div><\/div><\/div><\/section><section class=\"l-section wpb_row hide_on_default hide_on_laptops height_small\"><div class=\"l-section-h i-cf\"><div class=\"g-cols vc_row via_flex valign_top type_default stacking_default\" style=\"--additional-gap:1vw;\"><div class=\"vc_col-sm-12 wpb_column vc_column_container\"><div class=\"vc_column-inner\"><div class=\"wpb_wrapper\"><div class=\"wpb_text_column\"><div class=\"wpb_wrapper\"><p>Som Nordens st\u00f6rsta leverant\u00f6r av vattenmaskiner har vi ett brett utbud som passar till olika typer av verksamheter.<\/p>\n<\/div><\/div><\/div><\/div><\/div><\/div><\/div><\/section><section class=\"l-section wpb_row us_custom_19737bc8 hide_on_default hide_on_laptops height_small\"><div class=\"l-section-h i-cf\"><div class=\"g-cols vc_row via_flex valign_top type_default stacking_default\" style=\"--additional-gap:1vw;\"><div class=\"vc_col-sm-12 wpb_column vc_column_container has_bg_color\"><div class=\"vc_column-inner us_custom_f6c0f5fb\"><div class=\"vc_column-overlay\" style=\"background:var(--color-header-top-transparent-bg)\"><\/div><div class=\"wpb_wrapper\"><h2 class=\"w-text us_custom_e2621fdf has_text_color\"><a href=\"https:\/\/www.escowa.se\/produkter\/inbyggnadskylare\/\" class=\"w-text-h\"><span class=\"w-text-value\">Inbyggnadskylare<\/span><\/a><\/h2><\/div><\/div><\/div><\/div><\/div><\/section><section class=\"l-section wpb_row hide_on_default hide_on_laptops height_small\"><div class=\"l-section-h i-cf\"><div class=\"g-cols vc_row via_flex valign_top type_default stacking_default\" style=\"--additional-gap:1vw;\"><div class=\"vc_col-sm-12 wpb_column vc_column_container\"><div class=\"vc_column-inner\"><div class=\"wpb_wrapper\"><div class=\"wpb_text_column\"><div class=\"wpb_wrapper\"><p><span>En inbyggnadsl\u00f6sning \u00e4r perfekt n\u00e4r man har plats i ett undersk\u00e5p i exempelvis ett k\u00f6k. Vattenkylaren installeras undang\u00f6md i sk\u00e5pet och kopplas till valfritt tapptorn.<\/span><\/p>\n<\/div><\/div><\/div><\/div><\/div><\/div><\/div><\/section><section class=\"l-section wpb_row us_custom_19737bc8 hide_on_default hide_on_laptops height_small\"><div class=\"l-section-h i-cf\"><div class=\"g-cols vc_row via_flex valign_top type_default stacking_default\" style=\"--additional-gap:1vw;\"><div class=\"vc_col-sm-12 wpb_column vc_column_container has_bg_color\"><div class=\"vc_column-inner us_custom_47bbd9b9\"><div class=\"vc_column-overlay\" style=\"background:var(--color-header-top-transparent-bg)\"><\/div><div class=\"wpb_wrapper\"><h2 class=\"w-text us_custom_e2621fdf has_text_color\"><a href=\"https:\/\/www.escowa.se\/produkter\/kranpelare-och-tapptorn\/\" class=\"w-text-h\"><span class=\"w-text-value\">Kranpelare &amp; tapptorn<\/span><\/a><\/h2><\/div><\/div><\/div><\/div><\/div><\/section><section class=\"l-section wpb_row hide_on_default hide_on_laptops height_small\"><div class=\"l-section-h i-cf\"><div class=\"g-cols vc_row via_flex valign_top type_default stacking_default\" style=\"--additional-gap:1vw;\"><div class=\"vc_col-sm-12 wpb_column vc_column_container\"><div class=\"vc_column-inner\"><div class=\"wpb_wrapper\"><div class=\"wpb_text_column\"><div class=\"wpb_wrapper\"><p>Vi har en m\u00e4ngd olika modeller av tapptorn och kranar som g\u00f6r att du kan hitta en passande modell till just ditt k\u00f6k, restaurang etc.<\/p>\n<\/div><\/div><\/div><\/div><\/div><\/div><\/div><\/section><section class=\"l-section wpb_row us_custom_19737bc8 hide_on_default hide_on_laptops height_small\"><div class=\"l-section-h i-cf\"><div class=\"g-cols vc_row via_flex valign_top type_default stacking_default\" style=\"--additional-gap:1vw;\"><div class=\"vc_col-sm-12 wpb_column vc_column_container has_bg_color\"><div class=\"vc_column-inner us_custom_15c7c284\"><div class=\"vc_column-overlay\" style=\"background:var(--color-header-top-transparent-bg)\"><\/div><div class=\"wpb_wrapper\"><h2 class=\"w-text us_custom_e2621fdf has_text_color\"><a href=\"https:\/\/www.escowa.se\/produkter\/underskap\/\" class=\"w-text-h\"><span class=\"w-text-value\">M\u00f6bler och undersk\u00e5p<\/span><\/a><\/h2><\/div><\/div><\/div><\/div><\/div><\/section><section class=\"l-section wpb_row hide_on_default hide_on_laptops height_small\"><div class=\"l-section-h i-cf\"><div class=\"g-cols vc_row via_flex valign_top type_default stacking_default\" style=\"--additional-gap:1vw;\"><div class=\"vc_col-sm-12 wpb_column vc_column_container\"><div class=\"vc_column-inner\"><div class=\"wpb_wrapper\"><div class=\"wpb_text_column\"><div class=\"wpb_wrapper\"><p>I v\u00e5rt snickeri i Laholm tillverkar vi sj\u00e4lva m\u00f6bler och undersk\u00e5p till v\u00e5ra tappkranar, vattenmaskiner och vattenkylare, av till stor del \u00e5tervunnet tr\u00e4.<\/p>\n<\/div><\/div><\/div><\/div><\/div><\/div><\/div><\/section><section class=\"l-section wpb_row us_custom_19737bc8 hide_on_default hide_on_laptops height_small\"><div class=\"l-section-h i-cf\"><div class=\"g-cols vc_row via_flex valign_top type_default stacking_default\" style=\"--additional-gap:1vw;\"><div class=\"vc_col-sm-12 wpb_column vc_column_container has_bg_color\"><div class=\"vc_column-inner us_custom_a4bceec6\"><div class=\"vc_column-overlay\" style=\"background:var(--color-header-top-transparent-bg)\"><\/div><div class=\"wpb_wrapper\"><h2 class=\"w-text us_custom_e2621fdf has_text_color\"><a href=\"https:\/\/www.escowa.se\/produkter\/marin-och-sjofart\" class=\"w-text-h\"><span class=\"w-text-value\">Marin &amp; sj\u00f6fart<\/span><\/a><\/h2><\/div><\/div><\/div><\/div><\/div><\/section><section class=\"l-section wpb_row hide_on_default hide_on_laptops height_small\"><div class=\"l-section-h i-cf\"><div class=\"g-cols vc_row via_flex valign_top type_default stacking_default\" style=\"--additional-gap:1vw;\"><div class=\"vc_col-sm-12 wpb_column vc_column_container\"><div class=\"vc_column-inner\"><div class=\"wpb_wrapper\"><div class=\"wpb_text_column\"><div class=\"wpb_wrapper\"><p><span>Produkter specialanpassade f\u00f6r den typ av str\u00f6mmatning som anv\u00e4nds i m\u00e5nga offshore- och rederimilj\u00f6er.<\/span><\/p>\n<\/div><\/div><\/div><\/div><\/div><\/div><\/div><\/section><section class=\"l-section wpb_row us_custom_19737bc8 hide_on_default hide_on_laptops height_small\"><div class=\"l-section-h i-cf\"><div class=\"g-cols vc_row via_flex valign_top type_default stacking_default\" style=\"--additional-gap:1vw;\"><div class=\"vc_col-sm-12 wpb_column vc_column_container has_bg_color\"><div class=\"vc_column-inner us_custom_111827a0\"><div class=\"vc_column-overlay\" style=\"background:var(--color-header-top-transparent-bg)\"><\/div><div class=\"wpb_wrapper\"><h2 class=\"w-text us_custom_e2621fdf has_text_color\"><a href=\"https:\/\/www.escowa.se\/produkt\/smaksattning\" class=\"w-text-h\"><span class=\"w-text-value\">Aroma smaks\u00e4ttning<\/span><\/a><\/h2><\/div><\/div><\/div><\/div><\/div><\/section><section class=\"l-section wpb_row hide_on_default hide_on_laptops height_small\"><div class=\"l-section-h i-cf\"><div class=\"g-cols vc_row via_flex valign_top type_default stacking_default\" style=\"--additional-gap:1vw;\"><div class=\"vc_col-sm-12 wpb_column vc_column_container\"><div class=\"vc_column-inner\"><div class=\"wpb_wrapper\"><div class=\"wpb_text_column\"><div class=\"wpb_wrapper\"><p><span>S\u00e4tt smak p\u00e5 ditt stilla eller kolsyrade vatten med v\u00e5ra smakaromer! Vi har sex olika, fr\u00e4scha smaker av frukt och b\u00e4r.<\/span><\/p>\n<\/div><\/div><\/div><\/div><\/div><\/div><\/div><\/section><section class=\"l-section wpb_row us_custom_19737bc8 hide_on_default hide_on_laptops height_small\"><div class=\"l-section-h i-cf\"><div class=\"g-cols vc_row via_flex valign_top type_default stacking_default\" style=\"--additional-gap:1vw;\"><div class=\"vc_col-sm-12 wpb_column vc_column_container has_bg_color\"><div class=\"vc_column-inner us_custom_f21f10df\"><div class=\"vc_column-overlay\" style=\"background:var(--color-header-top-transparent-bg)\"><\/div><div class=\"wpb_wrapper\"><h2 class=\"w-text us_custom_e2621fdf has_text_color\"><a href=\"https:\/\/www.escowa.se\/produkter\/tillbehor\/\" class=\"w-text-h\"><span class=\"w-text-value\">Tillbeh\u00f6r<\/span><\/a><\/h2><\/div><\/div><\/div><\/div><\/div><\/section><section class=\"l-section wpb_row hide_on_default hide_on_laptops height_small\"><div class=\"l-section-h i-cf\"><div class=\"g-cols vc_row via_flex valign_top type_default stacking_default\" style=\"--additional-gap:1vw;\"><div class=\"vc_col-sm-12 wpb_column vc_column_container\"><div class=\"vc_column-inner\"><div class=\"wpb_wrapper\"><div class=\"wpb_text_column\"><div class=\"wpb_wrapper\"><p>H\u00e4r hittar du tillbeh\u00f6r som kan vara bra att ha, s\u00e5som <span>spillbrickor, l\u00e4ckagestopp och muggdispenser.<\/span><\/p>\n<\/div><\/div><\/div><\/div><\/div><\/div><\/div><\/section><section class=\"l-section wpb_row height_small\"><div class=\"l-section-h i-cf\"><div class=\"g-cols vc_row via_flex valign_top type_default stacking_default\"><div class=\"vc_col-sm-12 wpb_column vc_column_container\"><div class=\"vc_column-inner\"><div class=\"wpb_wrapper\"><div class=\"w-separator size_medium\"><\/div><\/div><\/div><\/div><\/div><\/div><\/section>\n","protected":false},"excerpt":{"rendered":"Our Products Escowa&#8217;s comprehensive range covers everything from dispensing towers and cooling units for built-in installations to freestanding water dispensers made of steel and wood laminate. We also offer machines for built-in cabinets and water dispensers with special functions, certified for sensitive environments. Perhaps you&#8217;d like to learn more about our dispensing towers and countertop...","protected":false},"author":13,"featured_media":0,"parent":0,"menu_order":0,"comment_status":"closed","ping_status":"closed","template":"","meta":{"_acf_changed":false,"footnotes":""},"class_list":["post-8590","page","type-page","status-publish","hentry"],"acf":[],"yoast_head":"<!-- This site is optimized with the Yoast SEO plugin v27.4 - https:\/\/yoast.com\/product\/yoast-seo-wordpress\/ -->\n<title>Products - Escowa<\/title>\n<meta name=\"robots\" content=\"index, follow, max-snippet:-1, max-image-preview:large, max-video-preview:-1\" \/>\n<link rel=\"canonical\" href=\"https:\/\/www.escowa.se\/en\/products\/\" \/>\n<meta property=\"og:locale\" content=\"en_US\" \/>\n<meta property=\"og:type\" content=\"article\" \/>\n<meta property=\"og:title\" content=\"Products - Escowa\" \/>\n<meta property=\"og:url\" content=\"https:\/\/www.escowa.se\/en\/products\/\" \/>\n<meta property=\"og:site_name\" content=\"Escowa\" \/>\n<meta property=\"article:modified_time\" content=\"2025-09-15T12:51:26+00:00\" \/>\n<meta name=\"twitter:card\" content=\"summary_large_image\" \/>\n<meta name=\"twitter:label1\" content=\"Est. reading time\" \/>\n\t<meta name=\"twitter:data1\" content=\"3 minutes\" \/>\n<script type=\"application\/ld+json\" class=\"yoast-schema-graph\">{\"@context\":\"https:\\\/\\\/schema.org\",\"@graph\":[{\"@type\":\"WebPage\",\"@id\":\"https:\\\/\\\/www.escowa.se\\\/en\\\/products\\\/\",\"url\":\"https:\\\/\\\/www.escowa.se\\\/en\\\/products\\\/\",\"name\":\"Products - Escowa\",\"isPartOf\":{\"@id\":\"https:\\\/\\\/www.escowa.se\\\/en\\\/#website\"},\"datePublished\":\"2018-11-07T08:43:46+00:00\",\"dateModified\":\"2025-09-15T12:51:26+00:00\",\"breadcrumb\":{\"@id\":\"https:\\\/\\\/www.escowa.se\\\/en\\\/products\\\/#breadcrumb\"},\"inLanguage\":\"en-US\",\"potentialAction\":[{\"@type\":\"ReadAction\",\"target\":[\"https:\\\/\\\/www.escowa.se\\\/en\\\/products\\\/\"]}]},{\"@type\":\"BreadcrumbList\",\"@id\":\"https:\\\/\\\/www.escowa.se\\\/en\\\/products\\\/#breadcrumb\",\"itemListElement\":[{\"@type\":\"ListItem\",\"position\":1,\"name\":\"Home\",\"item\":\"https:\\\/\\\/www.escowa.se\\\/en\\\/\"},{\"@type\":\"ListItem\",\"position\":2,\"name\":\"Products\"}]},{\"@type\":\"WebSite\",\"@id\":\"https:\\\/\\\/www.escowa.se\\\/en\\\/#website\",\"url\":\"https:\\\/\\\/www.escowa.se\\\/en\\\/\",\"name\":\"Escowa\",\"description\":\"- Water solutions for restaurants and offices\",\"potentialAction\":[{\"@type\":\"SearchAction\",\"target\":{\"@type\":\"EntryPoint\",\"urlTemplate\":\"https:\\\/\\\/www.escowa.se\\\/en\\\/?s={search_term_string}\"},\"query-input\":{\"@type\":\"PropertyValueSpecification\",\"valueRequired\":true,\"valueName\":\"search_term_string\"}}],\"inLanguage\":\"en-US\"}]}<\/script>\n<!-- \/ Yoast SEO plugin. -->","yoast_head_json":{"title":"Products - Escowa","robots":{"index":"index","follow":"follow","max-snippet":"max-snippet:-1","max-image-preview":"max-image-preview:large","max-video-preview":"max-video-preview:-1"},"canonical":"https:\/\/www.escowa.se\/en\/products\/","og_locale":"en_US","og_type":"article","og_title":"Products - Escowa","og_url":"https:\/\/www.escowa.se\/en\/products\/","og_site_name":"Escowa","article_modified_time":"2025-09-15T12:51:26+00:00","twitter_card":"summary_large_image","twitter_misc":{"Est. reading time":"3 minutes"},"schema":{"@context":"https:\/\/schema.org","@graph":[{"@type":"WebPage","@id":"https:\/\/www.escowa.se\/en\/products\/","url":"https:\/\/www.escowa.se\/en\/products\/","name":"Products - Escowa","isPartOf":{"@id":"https:\/\/www.escowa.se\/en\/#website"},"datePublished":"2018-11-07T08:43:46+00:00","dateModified":"2025-09-15T12:51:26+00:00","breadcrumb":{"@id":"https:\/\/www.escowa.se\/en\/products\/#breadcrumb"},"inLanguage":"en-US","potentialAction":[{"@type":"ReadAction","target":["https:\/\/www.escowa.se\/en\/products\/"]}]},{"@type":"BreadcrumbList","@id":"https:\/\/www.escowa.se\/en\/products\/#breadcrumb","itemListElement":[{"@type":"ListItem","position":1,"name":"Home","item":"https:\/\/www.escowa.se\/en\/"},{"@type":"ListItem","position":2,"name":"Products"}]},{"@type":"WebSite","@id":"https:\/\/www.escowa.se\/en\/#website","url":"https:\/\/www.escowa.se\/en\/","name":"Escowa","description":"- Water solutions for restaurants and offices","potentialAction":[{"@type":"SearchAction","target":{"@type":"EntryPoint","urlTemplate":"https:\/\/www.escowa.se\/en\/?s={search_term_string}"},"query-input":{"@type":"PropertyValueSpecification","valueRequired":true,"valueName":"search_term_string"}}],"inLanguage":"en-US"}]}},"_links":{"self":[{"href":"https:\/\/www.escowa.se\/en\/wp-json\/wp\/v2\/pages\/8590","targetHints":{"allow":["GET"]}}],"collection":[{"href":"https:\/\/www.escowa.se\/en\/wp-json\/wp\/v2\/pages"}],"about":[{"href":"https:\/\/www.escowa.se\/en\/wp-json\/wp\/v2\/types\/page"}],"author":[{"embeddable":true,"href":"https:\/\/www.escowa.se\/en\/wp-json\/wp\/v2\/users\/13"}],"replies":[{"embeddable":true,"href":"https:\/\/www.escowa.se\/en\/wp-json\/wp\/v2\/comments?post=8590"}],"version-history":[{"count":8,"href":"https:\/\/www.escowa.se\/en\/wp-json\/wp\/v2\/pages\/8590\/revisions"}],"predecessor-version":[{"id":9512,"href":"https:\/\/www.escowa.se\/en\/wp-json\/wp\/v2\/pages\/8590\/revisions\/9512"}],"wp:attachment":[{"href":"https:\/\/www.escowa.se\/en\/wp-json\/wp\/v2\/media?parent=8590"}],"curies":[{"name":"wp","href":"https:\/\/api.w.org\/{rel}","templated":true}]}}